{"id":85,"date":"2024-08-13T14:41:27","date_gmt":"2024-08-13T14:41:27","guid":{"rendered":"https:\/\/freizeitfuxx.de\/?page_id=85"},"modified":"2026-04-03T06:14:46","modified_gmt":"2026-04-03T06:14:46","slug":"ueber-mich","status":"publish","type":"page","link":"https:\/\/freizeitfuxx.de\/nl\/ueber-mich\/","title":{"rendered":"Wie is deze Fuxx?"},"content":{"rendered":"<div data-elementor-type=\"wp-page\" data-elementor-id=\"85\" class=\"elementor elementor-85\">\n\t\t\t\t<div class=\"elementor-element elementor-element-6d9fd16 elementor-hidden-desktop e-flex e-con-boxed e-con e-parent\" data-id=\"6d9fd16\" data-element_type=\"container\" data-e-type=\"container\">\n\t\t\t\t\t<div class=\"e-con-inner\">\n\t\t\t\t<div class=\"elementor-element elementor-element-e954401 elementor-widget elementor-widget-spacer\" data-id=\"e954401\" data-element_type=\"widget\" data-e-type=\"widget\" data-widget_type=\"spacer.default\">\n\t\t\t\t<div class=\"elementor-widget-container\">\n\t\t\t\t\t\t\t<div class=\"elementor-spacer\">\n\t\t\t<div class=\"elementor-spacer-inner\"><\/div>\n\t\t<\/div>\n\t\t\t\t\t\t<\/div>\n\t\t\t\t<\/div>\n\t\t\t\t\t<\/div>\n\t\t\t\t<\/div>\n\t\t<div class=\"elementor-element elementor-element-a6fc85c e-flex e-con-boxed elementor-invisible e-con e-parent\" data-id=\"a6fc85c\" data-element_type=\"container\" data-e-type=\"container\" data-settings=\"{&quot;animation&quot;:&quot;fadeIn&quot;}\">\n\t\t\t\t\t<div class=\"e-con-inner\">\n\t\t<div class=\"elementor-element elementor-element-1009ecc e-con-full e-flex e-con e-child\" data-id=\"1009ecc\" data-element_type=\"container\" data-e-type=\"container\">\n\t\t<div class=\"elementor-element elementor-element-4016970 e-con-full e-flex e-con e-child\" data-id=\"4016970\" data-element_type=\"container\" data-e-type=\"container\">\n\t\t\t\t<div class=\"elementor-element elementor-element-65033e4 elementor-widget elementor-widget-heading\" data-id=\"65033e4\" data-element_type=\"widget\" data-e-type=\"widget\" data-widget_type=\"heading.default\">\n\t\t\t\t<div class=\"elementor-widget-container\">\n\t\t\t\t\t<h2 class=\"elementor-heading-title elementor-size-default\">Hallo, <br>ik ben de Freizeit<span class=\"farbe\">Fuxx<\/span><\/h2>\t\t\t\t<\/div>\n\t\t\t\t<\/div>\n\t\t\t\t<\/div>\n\t\t<div class=\"elementor-element elementor-element-47d33c2 e-con-full e-flex e-con e-child\" data-id=\"47d33c2\" data-element_type=\"container\" data-e-type=\"container\">\n\t\t\t\t<div class=\"elementor-element elementor-element-c0a894a elementor-hidden-mobile elementor-widget elementor-widget-text-editor\" data-id=\"c0a894a\" data-element_type=\"widget\" data-e-type=\"widget\" data-widget_type=\"text-editor.default\">\n\t\t\t\t<div class=\"elementor-widget-container\">\n\t\t\t\t\t\t\t\t\t<p>Hoewel in de offici\u00eble documenten Alexander staat, kent mijn familie me al van jongs af aan als Fuxxi. Mijn neef gaf me de naam - ik was tenslotte \"so schlau wie ein Fuchs!\" (Duits voor: zo slim als een vos). Meer dan 20 jaar later ben ik nog steeds een kind in hart en nieren en daarom draag ik de bijnaam met trots.<\/p><p>Iets anders, dat me sinds mijn jonge jaren is bijgebleven, is mijn liefde voor de vrijetijdsindustrie. Of het nu gaat om een klassiek museum, nieuwe immersieve multimedia-ervaringen, leuke zwem- en thermale baden of uitgebreide themawerelden met achtbanen, klimhallen, zomerrodelbanen en uitdagende escape rooms - ik kijk graag naar de blije gezichten van kinderen en hun ouders; ik sta altijd klaar, om iets nieuws te ontdekken; en ik geniet ervan om zelf te gast te zijn in een topattractie.<\/p>\t\t\t\t\t\t\t\t<\/div>\n\t\t\t\t<\/div>\n\t\t\t\t<div class=\"elementor-element elementor-element-02c002a elementor-hidden-mobile elementor-widget elementor-widget-image\" data-id=\"02c002a\" data-element_type=\"widget\" data-e-type=\"widget\" data-widget_type=\"image.default\">\n\t\t\t\t<div class=\"elementor-widget-container\">\n\t\t\t\t\t\t\t\t\t\t\t\t\t\t\t<img fetchpriority=\"high\" decoding=\"async\" width=\"800\" height=\"130\" src=\"https:\/\/freizeitfuxx.de\/wp-content\/uploads\/2024\/08\/FreizeitFuxx-Freizeit.png\" class=\"attachment-large size-large wp-image-2586\" alt=\"\" srcset=\"https:\/\/freizeitfuxx.de\/wp-content\/uploads\/2024\/08\/FreizeitFuxx-Freizeit.png 800w, https:\/\/freizeitfuxx.de\/wp-content\/uploads\/2024\/08\/FreizeitFuxx-Freizeit-300x49.png 300w, https:\/\/freizeitfuxx.de\/wp-content\/uploads\/2024\/08\/FreizeitFuxx-Freizeit-768x125.png 768w\" sizes=\"(max-width: 800px) 100vw, 800px\" \/>\t\t\t\t\t\t\t\t\t\t\t\t\t\t\t<\/div>\n\t\t\t\t<\/div>\n\t\t\t\t<div class=\"elementor-element elementor-element-6736c4b elementor-hidden-mobile elementor-widget elementor-widget-text-editor\" data-id=\"6736c4b\" data-element_type=\"widget\" data-e-type=\"widget\" data-widget_type=\"text-editor.default\">\n\t\t\t\t<div class=\"elementor-widget-container\">\n\t\t\t\t\t\t\t\t\t<p style=\"font-variant-ligatures: normal; font-variant-caps: normal; font-family: zain, sans-serif; font-size: 22px; font-style: normal; font-weight: 400;\">Na mijn studie communicatie- en mediawetenschappen heb ik mijn weg gevonden naar marketing in de vrijetijdsindustrie. Meer dan vijf jaar lang was ik verantwoordelijk voor de B2C-marketing van de Efteling op de Duitse markt en zorgde ik er met ge\u00efntegreerde mediaplanning voor dat onze 360\u00b0-campagnes de juiste doelgroepen op het perfecte moment in hun customer journey bereikten. De B2B-kant van marketing heb ik leren kennen bij Convious, waar ik verantwoordelijk was voor het opbouwen van naamsbekendheid in de DACH-markt en het targeten van nieuwe leads met account-based marketing.<\/p><p style=\"font-variant-ligatures: normal; font-variant-caps: normal; font-family: zain, sans-serif; font-size: 22px; font-style: normal; font-weight: 400;\">De creatie van de\u00a0<span style=\"font-size: 22px; text-decoration-line: underline;\"><a style=\"font-size: 22px; transition-property: all;\" href=\"https:\/\/freizeitfuxx.de\/nl\/#marketingstrategie\">Marketingstrategie<\/a><\/span>\u00a0en de uitvoering in\u00a0<span style=\"font-size: 22px; text-decoration-line: underline;\"><a style=\"font-size: 22px; transition-property: all;\" href=\"https:\/\/freizeitfuxx.de\/nl\/#marketing-management\">Marketing Management<\/a><\/span>\u00a0gingen altijd hand in hand en scherpten mijn oog voor klant- en gastgerichte communicatie. Deze expertise en mijn passie voor de branche combineer ik nu met FreizeitFuxx. Ik help je graag bij het vinden van de juiste doelgroepbenadering voor je recreatiebedrijf of bij het plannen en beheren van je volgende reclamecampagne. Zeg gewoon\u00a0<span style=\"font-variant-ligatures: normal; font-variant-caps: normal; font-family: zain, sans-serif; font-size: 22px; font-style: normal; font-weight: 400; text-decoration-line: underline;\"><a style=\"font-size: 22px; transition-property: all;\" href=\"https:\/\/freizeitfuxx.de\/nl\/#kontakt1\" data-wplink-edit=\"true\">hallo<\/a><\/span>\u00a0en we bespreken waar ik kan helpen.<\/p>\t\t\t\t\t\t\t\t<\/div>\n\t\t\t\t<\/div>\n\t\t\t\t<\/div>\n\t\t\t\t<\/div>\n\t\t<div class=\"elementor-element elementor-element-d122f26 e-con-full e-flex e-con e-child\" data-id=\"d122f26\" data-element_type=\"container\" data-e-type=\"container\">\n\t\t\t\t<div class=\"elementor-element elementor-element-1b9434d elementor-hidden-desktop elementor-hidden-tablet elementor-widget elementor-widget-text-editor\" data-id=\"1b9434d\" data-element_type=\"widget\" data-e-type=\"widget\" data-widget_type=\"text-editor.default\">\n\t\t\t\t<div class=\"elementor-widget-container\">\n\t\t\t\t\t\t\t\t\t<p>Hoewel in de offici\u00eble documenten Alexander staat, kent mijn familie me al van jongs af aan als Fuxxi. Mijn neef gaf me de naam - ik was tenslotte \"so schlau wie ein Fuchs!\" (Duits voor: zo slim als een vos). Meer dan 20 jaar later ben ik nog steeds een kind in hart en nieren en daarom draag ik de bijnaam met trots.<\/p>\t\t\t\t\t\t\t\t<\/div>\n\t\t\t\t<\/div>\n\t\t\t\t<div class=\"elementor-element elementor-element-b7c938e elementor-widget elementor-widget-image\" data-id=\"b7c938e\" data-element_type=\"widget\" data-e-type=\"widget\" data-widget_type=\"image.default\">\n\t\t\t\t<div class=\"elementor-widget-container\">\n\t\t\t\t\t\t\t\t\t\t\t\t\t\t\t<img decoding=\"async\" width=\"500\" height=\"500\" src=\"https:\/\/freizeitfuxx.de\/wp-content\/uploads\/2024\/08\/FreizeitFuxx-Fuchs-1.png\" class=\"attachment-full size-full wp-image-2634\" alt=\"\" srcset=\"https:\/\/freizeitfuxx.de\/wp-content\/uploads\/2024\/08\/FreizeitFuxx-Fuchs-1.png 500w, https:\/\/freizeitfuxx.de\/wp-content\/uploads\/2024\/08\/FreizeitFuxx-Fuchs-1-300x300.png 300w, https:\/\/freizeitfuxx.de\/wp-content\/uploads\/2024\/08\/FreizeitFuxx-Fuchs-1-150x150.png 150w\" sizes=\"(max-width: 500px) 100vw, 500px\" \/>\t\t\t\t\t\t\t\t\t\t\t\t\t\t\t<\/div>\n\t\t\t\t<\/div>\n\t\t\t\t<div class=\"elementor-element elementor-element-4b73130 elementor-hidden-desktop elementor-hidden-tablet elementor-widget elementor-widget-text-editor\" data-id=\"4b73130\" data-element_type=\"widget\" data-e-type=\"widget\" data-widget_type=\"text-editor.default\">\n\t\t\t\t<div class=\"elementor-widget-container\">\n\t\t\t\t\t\t\t\t\t<p>Iets anders, dat me sinds mijn jonge jaren is bijgebleven, is mijn liefde voor de vrijetijdsindustrie. Of het nu gaat om een klassiek museum, nieuwe immersieve multimedia-ervaringen, leuke zwem- en thermale baden of uitgebreide themawerelden met achtbanen, klimhallen, zomerrodelbanen en uitdagende escape rooms - ik kijk graag naar de blije gezichten van kinderen en hun ouders; ik sta altijd klaar, om iets nieuws te ontdekken; en ik geniet ervan om zelf te gast te zijn in een topattractie.<\/p>\t\t\t\t\t\t\t\t<\/div>\n\t\t\t\t<\/div>\n\t\t\t\t<div class=\"elementor-element elementor-element-c790729 elementor-hidden-mobile elementor-widget elementor-widget-image\" data-id=\"c790729\" data-element_type=\"widget\" data-e-type=\"widget\" data-widget_type=\"image.default\">\n\t\t\t\t<div class=\"elementor-widget-container\">\n\t\t\t\t\t\t\t\t\t\t\t\t\t\t\t<img decoding=\"async\" width=\"500\" height=\"500\" src=\"https:\/\/freizeitfuxx.de\/wp-content\/uploads\/2024\/08\/FreizeitFuxx-Efteling-1.png\" class=\"attachment-full size-full wp-image-2638\" alt=\"\" srcset=\"https:\/\/freizeitfuxx.de\/wp-content\/uploads\/2024\/08\/FreizeitFuxx-Efteling-1.png 500w, https:\/\/freizeitfuxx.de\/wp-content\/uploads\/2024\/08\/FreizeitFuxx-Efteling-1-300x300.png 300w, https:\/\/freizeitfuxx.de\/wp-content\/uploads\/2024\/08\/FreizeitFuxx-Efteling-1-150x150.png 150w\" sizes=\"(max-width: 500px) 100vw, 500px\" \/>\t\t\t\t\t\t\t\t\t\t\t\t\t\t\t<\/div>\n\t\t\t\t<\/div>\n\t\t\t\t<div class=\"elementor-element elementor-element-39163c5 elementor-hidden-desktop elementor-hidden-tablet elementor-widget elementor-widget-image\" data-id=\"39163c5\" data-element_type=\"widget\" data-e-type=\"widget\" data-widget_type=\"image.default\">\n\t\t\t\t<div class=\"elementor-widget-container\">\n\t\t\t\t\t\t\t\t\t\t\t\t\t\t\t<img fetchpriority=\"high\" decoding=\"async\" width=\"800\" height=\"130\" src=\"https:\/\/freizeitfuxx.de\/wp-content\/uploads\/2024\/08\/FreizeitFuxx-Freizeit.png\" class=\"attachment-large size-large wp-image-2586\" alt=\"\" srcset=\"https:\/\/freizeitfuxx.de\/wp-content\/uploads\/2024\/08\/FreizeitFuxx-Freizeit.png 800w, https:\/\/freizeitfuxx.de\/wp-content\/uploads\/2024\/08\/FreizeitFuxx-Freizeit-300x49.png 300w, https:\/\/freizeitfuxx.de\/wp-content\/uploads\/2024\/08\/FreizeitFuxx-Freizeit-768x125.png 768w\" sizes=\"(max-width: 800px) 100vw, 800px\" \/>\t\t\t\t\t\t\t\t\t\t\t\t\t\t\t<\/div>\n\t\t\t\t<\/div>\n\t\t\t\t<div class=\"elementor-element elementor-element-186f85f elementor-hidden-desktop elementor-hidden-tablet elementor-widget elementor-widget-text-editor\" data-id=\"186f85f\" data-element_type=\"widget\" data-e-type=\"widget\" data-widget_type=\"text-editor.default\">\n\t\t\t\t<div class=\"elementor-widget-container\">\n\t\t\t\t\t\t\t\t\t<p>Na mijn studie communicatie- en mediawetenschappen heb ik mijn weg gevonden naar marketing in de vrijetijdsindustrie. Meer dan vijf jaar lang was ik verantwoordelijk voor de B2C-marketing van de Efteling op de Duitse markt en zorgde ik er met ge\u00efntegreerde mediaplanning voor dat onze 360\u00b0-campagnes de juiste doelgroepen op het perfecte moment in hun customer journey bereikten. De B2B-kant van marketing heb ik leren kennen bij Convious, waar ik verantwoordelijk was voor het opbouwen van naamsbekendheid in de DACH-markt en het targeten van nieuwe leads met account-based marketing.<\/p>\t\t\t\t\t\t\t\t<\/div>\n\t\t\t\t<\/div>\n\t\t\t\t<div class=\"elementor-element elementor-element-6bd3491 elementor-hidden-mobile elementor-widget elementor-widget-image\" data-id=\"6bd3491\" data-element_type=\"widget\" data-e-type=\"widget\" data-widget_type=\"image.default\">\n\t\t\t\t<div class=\"elementor-widget-container\">\n\t\t\t\t\t\t\t\t\t\t\t\t\t\t\t<img loading=\"lazy\" decoding=\"async\" width=\"500\" height=\"500\" src=\"https:\/\/freizeitfuxx.de\/wp-content\/uploads\/2024\/08\/FreizeitFuxx-Vogel-1.png\" class=\"attachment-full size-full wp-image-2642\" alt=\"\" srcset=\"https:\/\/freizeitfuxx.de\/wp-content\/uploads\/2024\/08\/FreizeitFuxx-Vogel-1.png 500w, https:\/\/freizeitfuxx.de\/wp-content\/uploads\/2024\/08\/FreizeitFuxx-Vogel-1-300x300.png 300w, https:\/\/freizeitfuxx.de\/wp-content\/uploads\/2024\/08\/FreizeitFuxx-Vogel-1-150x150.png 150w\" sizes=\"(max-width: 500px) 100vw, 500px\" \/>\t\t\t\t\t\t\t\t\t\t\t\t\t\t\t<\/div>\n\t\t\t\t<\/div>\n\t\t\t\t<div class=\"elementor-element elementor-element-a60a11e elementor-align-center elementor-hidden-mobile elementor-widget elementor-widget-button\" data-id=\"a60a11e\" data-element_type=\"widget\" data-e-type=\"widget\" data-widget_type=\"button.default\">\n\t\t\t\t<div class=\"elementor-widget-container\">\n\t\t\t\t\t\t\t\t\t<div class=\"elementor-button-wrapper\">\n\t\t\t\t\t<a class=\"elementor-button elementor-button-link elementor-size-sm\" href=\"https:\/\/freizeitfuxx.de\/wp-content\/uploads\/2026\/04\/FreizeitFuxx-CV-Alexander-Mierzwa-NL.pdf\" target=\"_blank\">\n\t\t\t\t\t\t<span class=\"elementor-button-content-wrapper\">\n\t\t\t\t\t\t<span class=\"elementor-button-icon\">\n\t\t\t\t<svg aria-hidden=\"true\" class=\"e-font-icon-svg e-fas-download\" viewbox=\"0 0 512 512\" xmlns=\"http:\/\/www.w3.org\/2000\/svg\"><path d=\"M216 0h80c13.3 0 24 10.7 24 24v168h87.7c17.8 0 26.7 21.5 14.1 34.1L269.7 378.3c-7.5 7.5-19.8 7.5-27.3 0L90.1 226.1c-12.6-12.6-3.7-34.1 14.1-34.1H192V24c0-13.3 10.7-24 24-24zm296 376v112c0 13.3-10.7 24-24 24H24c-13.3 0-24-10.7-24-24V376c0-13.3 10.7-24 24-24h146.7l49 49c20.1 20.1 52.5 20.1 72.6 0l49-49H488c13.3 0 24 10.7 24 24zm-124 88c0-11-9-20-20-20s-20 9-20 20 9 20 20 20 20-9 20-20zm64 0c0-11-9-20-20-20s-20 9-20 20 9 20 20 20 20-9 20-20z\"><\/path><\/svg>\t\t\t<\/span>\n\t\t\t\t\t\t\t\t\t<span class=\"elementor-button-text\">Download CV<\/span>\n\t\t\t\t\t<\/span>\n\t\t\t\t\t<\/a>\n\t\t\t\t<\/div>\n\t\t\t\t\t\t\t\t<\/div>\n\t\t\t\t<\/div>\n\t\t\t\t<div class=\"elementor-element elementor-element-de34842 elementor-hidden-desktop elementor-hidden-tablet elementor-widget elementor-widget-image\" data-id=\"de34842\" data-element_type=\"widget\" data-e-type=\"widget\" data-widget_type=\"image.default\">\n\t\t\t\t<div class=\"elementor-widget-container\">\n\t\t\t\t\t\t\t\t\t\t\t\t\t\t\t<img loading=\"lazy\" decoding=\"async\" width=\"500\" height=\"500\" src=\"https:\/\/freizeitfuxx.de\/wp-content\/uploads\/2024\/08\/FreizeitFuxx-Efteling-1.png\" class=\"attachment-large size-large wp-image-2638\" alt=\"\" srcset=\"https:\/\/freizeitfuxx.de\/wp-content\/uploads\/2024\/08\/FreizeitFuxx-Efteling-1.png 500w, https:\/\/freizeitfuxx.de\/wp-content\/uploads\/2024\/08\/FreizeitFuxx-Efteling-1-300x300.png 300w, https:\/\/freizeitfuxx.de\/wp-content\/uploads\/2024\/08\/FreizeitFuxx-Efteling-1-150x150.png 150w\" sizes=\"(max-width: 500px) 100vw, 500px\" \/>\t\t\t\t\t\t\t\t\t\t\t\t\t\t\t<\/div>\n\t\t\t\t<\/div>\n\t\t\t\t<div class=\"elementor-element elementor-element-25c701d elementor-hidden-desktop elementor-hidden-tablet elementor-widget elementor-widget-text-editor\" data-id=\"25c701d\" data-element_type=\"widget\" data-e-type=\"widget\" data-widget_type=\"text-editor.default\">\n\t\t\t\t<div class=\"elementor-widget-container\">\n\t\t\t\t\t\t\t\t\t<p>De creatie van de <span style=\"text-decoration: underline;\"><a href=\"https:\/\/freizeitfuxx.de\/nl\/#marketingstrategie\">Marketingstrategie<\/a><\/span> en de uitvoering in <span style=\"text-decoration: underline;\"><a href=\"https:\/\/freizeitfuxx.de\/nl\/#marketing-management\">Marketing Management<\/a><\/span> gingen altijd hand in hand en scherpten mijn oog voor klant- en gastgerichte communicatie. Deze expertise en mijn passie voor de branche combineer ik nu met FreizeitFuxx. Ik help je graag bij het vinden van de juiste doelgroepbenadering voor je recreatiebedrijf of bij het plannen en beheren van je volgende reclamecampagne. Zeg gewoon\u00a0<span style=\"text-decoration: underline;\"><a href=\"https:\/\/freizeitfuxx.de\/nl\/#kontakt2\">hallo<\/a><\/span> en we bespreken waar ik kan helpen.<\/p>\t\t\t\t\t\t\t\t<\/div>\n\t\t\t\t<\/div>\n\t\t\t\t<div class=\"elementor-element elementor-element-b6713b3 elementor-hidden-desktop elementor-hidden-tablet elementor-widget elementor-widget-image\" data-id=\"b6713b3\" data-element_type=\"widget\" data-e-type=\"widget\" data-widget_type=\"image.default\">\n\t\t\t\t<div class=\"elementor-widget-container\">\n\t\t\t\t\t\t\t\t\t\t\t\t\t\t\t<img loading=\"lazy\" decoding=\"async\" width=\"500\" height=\"500\" src=\"https:\/\/freizeitfuxx.de\/wp-content\/uploads\/2024\/08\/FreizeitFuxx-Vogel-1.png\" class=\"attachment-large size-large wp-image-2642\" alt=\"\" srcset=\"https:\/\/freizeitfuxx.de\/wp-content\/uploads\/2024\/08\/FreizeitFuxx-Vogel-1.png 500w, https:\/\/freizeitfuxx.de\/wp-content\/uploads\/2024\/08\/FreizeitFuxx-Vogel-1-300x300.png 300w, https:\/\/freizeitfuxx.de\/wp-content\/uploads\/2024\/08\/FreizeitFuxx-Vogel-1-150x150.png 150w\" sizes=\"(max-width: 500px) 100vw, 500px\" \/>\t\t\t\t\t\t\t\t\t\t\t\t\t\t\t<\/div>\n\t\t\t\t<\/div>\n\t\t\t\t<div class=\"elementor-element elementor-element-e285f97 elementor-align-center elementor-hidden-desktop elementor-hidden-tablet elementor-widget elementor-widget-button\" data-id=\"e285f97\" data-element_type=\"widget\" data-e-type=\"widget\" data-widget_type=\"button.default\">\n\t\t\t\t<div class=\"elementor-widget-container\">\n\t\t\t\t\t\t\t\t\t<div class=\"elementor-button-wrapper\">\n\t\t\t\t\t<a class=\"elementor-button elementor-button-link elementor-size-sm\" href=\"https:\/\/freizeitfuxx.de\/wp-content\/uploads\/2026\/04\/FreizeitFuxx-CV-Alexander-Mierzwa-NL.pdf\">\n\t\t\t\t\t\t<span class=\"elementor-button-content-wrapper\">\n\t\t\t\t\t\t<span class=\"elementor-button-icon\">\n\t\t\t\t<svg aria-hidden=\"true\" class=\"e-font-icon-svg e-fas-download\" viewbox=\"0 0 512 512\" xmlns=\"http:\/\/www.w3.org\/2000\/svg\"><path d=\"M216 0h80c13.3 0 24 10.7 24 24v168h87.7c17.8 0 26.7 21.5 14.1 34.1L269.7 378.3c-7.5 7.5-19.8 7.5-27.3 0L90.1 226.1c-12.6-12.6-3.7-34.1 14.1-34.1H192V24c0-13.3 10.7-24 24-24zm296 376v112c0 13.3-10.7 24-24 24H24c-13.3 0-24-10.7-24-24V376c0-13.3 10.7-24 24-24h146.7l49 49c20.1 20.1 52.5 20.1 72.6 0l49-49H488c13.3 0 24 10.7 24 24zm-124 88c0-11-9-20-20-20s-20 9-20 20 9 20 20 20 20-9 20-20zm64 0c0-11-9-20-20-20s-20 9-20 20 9 20 20 20 20-9 20-20z\"><\/path><\/svg>\t\t\t<\/span>\n\t\t\t\t\t\t\t\t\t<span class=\"elementor-button-text\">Download CV<\/span>\n\t\t\t\t\t<\/span>\n\t\t\t\t\t<\/a>\n\t\t\t\t<\/div>\n\t\t\t\t\t\t\t\t<\/div>\n\t\t\t\t<\/div>\n\t\t\t\t<\/div>\n\t\t\t\t\t<\/div>\n\t\t\t\t<\/div>\n\t\t<div class=\"elementor-element elementor-element-0338138 e-flex e-con-boxed e-con e-parent\" data-id=\"0338138\" data-element_type=\"container\" data-e-type=\"container\">\n\t\t\t\t\t<div class=\"e-con-inner\">\n\t\t\t\t<div class=\"elementor-element elementor-element-f6290a6 elementor-widget elementor-widget-html\" data-id=\"f6290a6\" data-element_type=\"widget\" data-e-type=\"widget\" data-widget_type=\"html.default\">\n\t\t\t\t<div class=\"elementor-widget-container\">\n\t\t\t\t\t<script>\nwindow.onscroll = function() {scrollFunction()};\n\nfunction scrollFunction() {\n    if (document.body.scrollTop > 50 || document.documentElement.scrollTop > 50) {\n        document.body.classList.add(\"shrink\");\n    } else {\n        document.body.classList.remove(\"shrink\");\n    }\n}\n<\/script>\t\t\t\t<\/div>\n\t\t\t\t<\/div>\n\t\t\t\t\t<\/div>\n\t\t\t\t<\/div>\n\t\t\t\t<\/div>","protected":false},"excerpt":{"rendered":"<p>Hallo, ich bin der FreizeitFuxx Zwar steht auf den offiziellen Dokumenten Alexander, f\u00fcr meine Familie bin ich aber schon seit meiner fr\u00fchen Jugend Fuxxi. Mein Cousin hat mir den Namen gegeben &#8211; ich sei schlie\u00dflich schlau wie ein Fuchs! Mehr als 20 Jahre sp\u00e4ter bin ich noch immer im Herzen Kind geblieben und trage den [&hellip;]<\/p>\n","protected":false},"author":1,"featured_media":0,"parent":0,"menu_order":0,"comment_status":"closed","ping_status":"closed","template":"","meta":{"ocean_post_layout":"","ocean_both_sidebars_style":"","ocean_both_sidebars_content_width":0,"ocean_both_sidebars_sidebars_width":0,"ocean_sidebar":"","ocean_second_sidebar":"","ocean_disable_margins":"enable","ocean_add_body_class":"","ocean_shortcode_before_top_bar":"","ocean_shortcode_after_top_bar":"","ocean_shortcode_before_header":"","ocean_shortcode_after_header":"","ocean_has_shortcode":"","ocean_shortcode_after_title":"","ocean_shortcode_before_footer_widgets":"","ocean_shortcode_after_footer_widgets":"","ocean_shortcode_before_footer_bottom":"","ocean_shortcode_after_footer_bottom":"","ocean_display_top_bar":"default","ocean_display_header":"default","ocean_header_style":"","ocean_center_header_left_menu":"","ocean_custom_header_template":"","ocean_custom_logo":0,"ocean_custom_retina_logo":0,"ocean_custom_logo_max_width":0,"ocean_custom_logo_tablet_max_width":0,"ocean_custom_logo_mobile_max_width":0,"ocean_custom_logo_max_height":0,"ocean_custom_logo_tablet_max_height":0,"ocean_custom_logo_mobile_max_height":0,"ocean_header_custom_menu":"","ocean_menu_typo_font_family":"","ocean_menu_typo_font_subset":"","ocean_menu_typo_font_size":0,"ocean_menu_typo_font_size_tablet":0,"ocean_menu_typo_font_size_mobile":0,"ocean_menu_typo_font_size_unit":"px","ocean_menu_typo_font_weight":"","ocean_menu_typo_font_weight_tablet":"","ocean_menu_typo_font_weight_mobile":"","ocean_menu_typo_transform":"","ocean_menu_typo_transform_tablet":"","ocean_menu_typo_transform_mobile":"","ocean_menu_typo_line_height":0,"ocean_menu_typo_line_height_tablet":0,"ocean_menu_typo_line_height_mobile":0,"ocean_menu_typo_line_height_unit":"","ocean_menu_typo_spacing":0,"ocean_menu_typo_spacing_tablet":0,"ocean_menu_typo_spacing_mobile":0,"ocean_menu_typo_spacing_unit":"","ocean_menu_link_color":"","ocean_menu_link_color_hover":"","ocean_menu_link_color_active":"","ocean_menu_link_background":"","ocean_menu_link_hover_background":"","ocean_menu_link_active_background":"","ocean_menu_social_links_bg":"","ocean_menu_social_hover_links_bg":"","ocean_menu_social_links_color":"","ocean_menu_social_hover_links_color":"","ocean_disable_title":"default","ocean_disable_heading":"default","ocean_post_title":"","ocean_post_subheading":"","ocean_post_title_style":"","ocean_post_title_background_color":"","ocean_post_title_background":0,"ocean_post_title_bg_image_position":"","ocean_post_title_bg_image_attachment":"","ocean_post_title_bg_image_repeat":"","ocean_post_title_bg_image_size":"","ocean_post_title_height":0,"ocean_post_title_bg_overlay":0.5,"ocean_post_title_bg_overlay_color":"","ocean_disable_breadcrumbs":"default","ocean_breadcrumbs_color":"","ocean_breadcrumbs_separator_color":"","ocean_breadcrumbs_links_color":"","ocean_breadcrumbs_links_hover_color":"","ocean_display_footer_widgets":"default","ocean_display_footer_bottom":"default","ocean_custom_footer_template":"","footnotes":""},"class_list":["post-85","page","type-page","status-publish","hentry","entry"],"_links":{"self":[{"href":"https:\/\/freizeitfuxx.de\/nl\/wp-json\/wp\/v2\/pages\/85","targetHints":{"allow":["GET"]}}],"collection":[{"href":"https:\/\/freizeitfuxx.de\/nl\/wp-json\/wp\/v2\/pages"}],"about":[{"href":"https:\/\/freizeitfuxx.de\/nl\/wp-json\/wp\/v2\/types\/page"}],"author":[{"embeddable":true,"href":"https:\/\/freizeitfuxx.de\/nl\/wp-json\/wp\/v2\/users\/1"}],"replies":[{"embeddable":true,"href":"https:\/\/freizeitfuxx.de\/nl\/wp-json\/wp\/v2\/comments?post=85"}],"version-history":[{"count":378,"href":"https:\/\/freizeitfuxx.de\/nl\/wp-json\/wp\/v2\/pages\/85\/revisions"}],"predecessor-version":[{"id":2980,"href":"https:\/\/freizeitfuxx.de\/nl\/wp-json\/wp\/v2\/pages\/85\/revisions\/2980"}],"wp:attachment":[{"href":"https:\/\/freizeitfuxx.de\/nl\/wp-json\/wp\/v2\/media?parent=85"}],"curies":[{"name":"wp","href":"https:\/\/api.w.org\/{rel}","templated":true}]}}